{"id":710,"date":"2023-10-18T14:48:33","date_gmt":"2023-10-18T12:48:33","guid":{"rendered":"https:\/\/clarity.poush-dev.be\/ressources\/pliage\/"},"modified":"2023-11-10T11:28:31","modified_gmt":"2023-11-10T10:28:31","slug":"folding","status":"publish","type":"page","link":"https:\/\/www.clarityhomedetox.ch\/en\/documentation\/folding\/","title":{"rendered":"Folding"},"content":{"rendered":"<div class=\"wpb-content-wrapper\"><p>[vc_row][vc_column]<div class=\"ult-spacer spacer-69f26d5a9cd41\" data-id=\"69f26d5a9cd41\" data-height=\"100\" data-height-mobile=\"100\" data-height-tab=\"100\" data-height-tab-portrait=\"\" data-height-mobile-landscape=\"\" style=\"clear:both;display:block;\"><\/div>[\/vc_column][\/vc_row][vc_row][vc_column][vc_tta_tabs shape=&#8221;square&#8221; color=&#8221;white&#8221; spacing=&#8221;30&#8243; gap=&#8221;10&#8243; active_section=&#8221;1&#8243;][vc_tta_section title=&#8221;Introduction&#8221; tab_id=&#8221;1697632273648-1384b13c-3512b1ff-9433&#8243;][vc_column_text]<\/p>\n<h2>Bienvenue \u00e0 l\u2019 acad\u00e9mie du pliage de Clarity<\/h2>\n<p>Si vous vous retrouvez ici c\u2019est que nous avons eu l\u2019honneur de vous accompagner dans votre Home Detox ou de vous rencontrer lors d\u2019un atelier. Merci pour votre confiance. Nous sommes ravies de vous retrouver.<\/p>\n<p>Dans la premi\u00e8re vid\u00e9o ci-dessous, vous d\u00e9couvrirez les cl\u00e9s d\u2019un rangement optimal et les raisons pour lesquelles nous les affectionnons tant chez Clarity.<\/p>\n<p><iframe loading=\"lazy\" title=\"Introduction\" src=\"https:\/\/www.youtube.com\/embed\/q_fNhLImfss?feature=oembed\" width=\"680\" height=\"383\" frameborder=\"0\" allowfullscreen=\"allowfullscreen\" data-dashlane-frameid=\"944\"><\/iframe><\/p>\n<h2>Un changement d\u2019habitude<\/h2>\n<p>Peut-\u00eatre avez-vous essay\u00e9 le pliage \u00e0 la verticale mais vous n\u2019\u00eates pas convaincu . Il vous semble que cette mani\u00e8re de faire vous prendra beaucoup trop de temps\u2026 Vous n\u2019avez pas tort. Adopter ce pliage implique un changement d\u2019habitude et comme tout changement, c\u2019est parfois difficile de leur accorder suffisamment de temps pour que ces habitudes s\u2019installent. Nous avons une suggestion \u00e0 vous faire. Essayez! Sortez de votre zone de confort et essayez! Et il y a de tr\u00e8s forte chance qu\u2019avec le temps et de la discipline (qu\u2019on aime d\u00e9crire comme de l\u2019amour propre chez Clarity) cette nouvelle habitude fasse enti\u00e8rement partie de votre routine. Nous vous laissons d\u00e9couvrir la vid\u00e9o ci-dessous. Et bon pliage.<\/p>\n<p><iframe loading=\"lazy\" title=\"YouTube video player\" src=\"https:\/\/www.youtube.com\/embed\/BOx3X8lOvBo?si=vVh-GdZyk_FUkue4\" width=\"680\" height=\"383\" frameborder=\"0\" allowfullscreen=\"allowfullscreen\"><\/iframe>[\/vc_column_text][\/vc_tta_section][vc_tta_section title=&#8221;Rangement&#8221; tab_id=&#8221;1697632273654-6a1b3ab2-56d3b1ff-9433&#8243;][vc_column_text]<\/p>\n<h2>Les bo\u00eetes<\/h2>\n<p>Vous vous en doutez chez Clarity on aime beaucoup les bo\u00eetes. Mais quelles bo\u00eetes et comment les utiliser? Nous r\u00e9pondons \u00e0 toutes ces questions dans la vid\u00e9o ci-dessous. Si vous devez retenir qu\u2019un seul conseil, c\u2019est le suivant: ne courrez pas \u00e0 acheter de nouvelles bo\u00eetes. Privil\u00e9giez le recyclage et ce que vous avez d\u00e9j\u00e0 \u00e0 disposition chez vous.<\/p>\n<p><iframe loading=\"lazy\" title=\"Les boi\u0302tes\" src=\"https:\/\/www.youtube.com\/embed\/SQNPpJUNedo?feature=oembed\" width=\"680\" height=\"383\" frameborder=\"0\" allowfullscreen=\"allowfullscreen\" data-dashlane-frameid=\"945\"><\/iframe><\/p>\n<p>&nbsp;<\/p>\n<h2>Suspendre ou plier ?<\/h2>\n<p>Vous \u00eates perplexes et ignorez totalement si vous devez suspendre ou plier vos habits. La r\u00e9ponse ci-dessous.<\/p>\n<p><iframe loading=\"lazy\" title=\"Suspendre ou plier?\" src=\"https:\/\/www.youtube.com\/embed\/CZwjoSjCBJ4?feature=oembed\" width=\"680\" height=\"383\" frameborder=\"0\" allowfullscreen=\"allowfullscreen\" data-dashlane-frameid=\"946\"><\/iframe>[\/vc_column_text][\/vc_tta_section][vc_tta_section title=&#8221;V\u00eatements&#8221; tab_id=&#8221;1697632788111-f97f08ff-742db1ff-9433&#8243;][vc_column_text]<\/p>\n<h2>Bienvenue \u00e0 l\u2019 acad\u00e9mie du pliage de Clarity<\/h2>\n<p>[\/vc_column_text][vc_column_text]Sauf oubli de notre part, nous avons couvert tout ce que votre garde-robe peut contenir.<\/p>\n<p>Pour les parents, glissez tout en bas de cette page vous y trouverez les secrets du pliage pour les habits d\u2019enfants. Notre conseil:\u00a0 plier devant eux\u2026 vous ne cesserez pas de les inspirer !<\/p>\n<h2>Le t-shirt avec un logo<\/h2>\n<p><iframe loading=\"lazy\" title=\"T-shirt avec logo\" src=\"https:\/\/www.youtube.com\/embed\/AVpecj_TZA4?feature=oembed\" width=\"680\" height=\"383\" frameborder=\"0\" allowfullscreen=\"allowfullscreen\" data-dashlane-frameid=\"947\"><\/iframe><\/p>\n<h2>Le t-shirt \u00e0 bretelles<\/h2>\n<p><iframe loading=\"lazy\" title=\"t-shirt bretelle\" src=\"https:\/\/www.youtube.com\/embed\/IYvD-bWXCyw?feature=oembed\" width=\"680\" height=\"383\" frameborder=\"0\" allowfullscreen=\"allowfullscreen\" data-dashlane-frameid=\"948\"><\/iframe><\/p>\n<h2>Le t-shirt manche longue<\/h2>\n<p><iframe loading=\"lazy\" title=\"t-shirt manche longue\" src=\"https:\/\/www.youtube.com\/embed\/UICwbXWBYfA?feature=oembed\" width=\"680\" height=\"383\" frameborder=\"0\" allowfullscreen=\"allowfullscreen\" data-dashlane-frameid=\"949\"><\/iframe><\/p>\n<h2>Le pull \u00e0 col roul\u00e9<\/h2>\n<p><iframe loading=\"lazy\" title=\"Pull col roule\u0301\" src=\"https:\/\/www.youtube.com\/embed\/ajDKEBEwl7M?feature=oembed\" width=\"680\" height=\"383\" frameborder=\"0\" allowfullscreen=\"allowfullscreen\" data-dashlane-frameid=\"950\"><\/iframe><\/p>\n<h2>Le pull \u00e0 capuchon<\/h2>\n<p><iframe loading=\"lazy\" title=\"pull capuchon\" src=\"https:\/\/www.youtube.com\/embed\/UU6HxzDS910?feature=oembed\" width=\"680\" height=\"383\" frameborder=\"0\" allowfullscreen=\"allowfullscreen\" data-dashlane-frameid=\"951\"><\/iframe><\/p>\n<h2>Le jeans<\/h2>\n<p><iframe loading=\"lazy\" title=\"Jeans 1\" src=\"https:\/\/www.youtube.com\/embed\/JP6dVRYnbc4?feature=oembed\" width=\"680\" height=\"383\" frameborder=\"0\" allowfullscreen=\"allowfullscreen\" data-dashlane-frameid=\"952\"><\/iframe><\/p>\n<h2>La combinaison<\/h2>\n<p><iframe loading=\"lazy\" title=\"Combinaison\" src=\"https:\/\/www.youtube.com\/embed\/Jjsp2s3jS58?feature=oembed\" width=\"680\" height=\"383\" frameborder=\"0\" allowfullscreen=\"allowfullscreen\" data-dashlane-frameid=\"953\"><\/iframe><\/p>\n<h2>Le short<\/h2>\n<p><iframe loading=\"lazy\" title=\"YouTube video player\" src=\"https:\/\/www.youtube.com\/embed\/qaYPxPrG7eI?si=4oUi2fhD8jL460gL\" width=\"680\" height=\"383\" frameborder=\"0\" allowfullscreen=\"allowfullscreen\"><span data-mce-type=\"bookmark\" style=\"display: inline-block; width: 0px; overflow: hidden; line-height: 0;\" class=\"mce_SELRES_start\">\ufeff<\/span><\/iframe><\/p>\n<h2>La jupe<\/h2>\n<h2><iframe loading=\"lazy\" title=\"YouTube video player\" src=\"https:\/\/www.youtube.com\/embed\/Ka0oQxpJmc0?si=bzD-aMbpPjHumDk7\" width=\"680\" height=\"383\" frameborder=\"0\" allowfullscreen=\"allowfullscreen\"><\/iframe><\/h2>\n<h2>La robe<\/h2>\n<p><iframe loading=\"lazy\" title=\"YouTube video player\" src=\"https:\/\/www.youtube.com\/embed\/h7DfsbN3o8g?si=X9sUtDmmW4qotP6J\" width=\"680\" height=\"383\" frameborder=\"0\" allowfullscreen=\"allowfullscreen\"><span data-mce-type=\"bookmark\" style=\"display: inline-block; width: 0px; overflow: hidden; line-height: 0;\" class=\"mce_SELRES_start\">\ufeff<\/span><\/iframe><\/p>\n<h2>La robe \u00e0 bretelles<\/h2>\n<h2><iframe loading=\"lazy\" title=\"YouTube video player\" src=\"https:\/\/www.youtube.com\/embed\/iHX9nbCnZ0k?si=VBW816MdIu760DHm\" width=\"680\" height=\"383\" frameborder=\"0\" allowfullscreen=\"allowfullscreen\"><span data-mce-type=\"bookmark\" style=\"display: inline-block; width: 0px; overflow: hidden; line-height: 0;\" class=\"mce_SELRES_start\">\ufeff<\/span><\/iframe><\/h2>\n<h2>Le kimono<\/h2>\n<p><iframe loading=\"lazy\" title=\"YouTube video player\" src=\"https:\/\/www.youtube.com\/embed\/vEidxRapCLM?si=SyA533g4hC2X5gl5\" width=\"680\" height=\"383\" frameborder=\"0\" allowfullscreen=\"allowfullscreen\"><span data-mce-type=\"bookmark\" style=\"display: inline-block; width: 0px; overflow: hidden; line-height: 0;\" class=\"mce_SELRES_start\">\ufeff<\/span><\/iframe><\/p>\n<h2>Le Body enfant<\/h2>\n<p><iframe loading=\"lazy\" title=\"YouTube video player\" src=\"https:\/\/www.youtube.com\/embed\/fwYAXXUEqag?si=yOosZjER3anr582w\" width=\"680\" height=\"383\" frameborder=\"0\" allowfullscreen=\"allowfullscreen\"><span data-mce-type=\"bookmark\" style=\"display: inline-block; width: 0px; overflow: hidden; line-height: 0;\" class=\"mce_SELRES_start\">\ufeff<\/span><\/iframe><\/p>\n<h2>Le pyjama d&#8217;enfant<\/h2>\n<p><iframe loading=\"lazy\" title=\"YouTube video player\" src=\"https:\/\/www.youtube.com\/embed\/3rtkfOkCNPA?si=38g-mkb2kDqIomQy\" width=\"680\" height=\"383\" frameborder=\"0\" allowfullscreen=\"allowfullscreen\"><span data-mce-type=\"bookmark\" style=\"display: inline-block; width: 0px; overflow: hidden; line-height: 0;\" class=\"mce_SELRES_start\">\ufeff<\/span><\/iframe><\/p>\n<h2>Le t-shirt d&#8217;enfant<\/h2>\n<p><iframe loading=\"lazy\" title=\"YouTube video player\" src=\"https:\/\/www.youtube.com\/embed\/e-D8nn-yfZk?si=mRVhLXAHpvjjAw5S\" width=\"680\" height=\"383\" frameborder=\"0\" allowfullscreen=\"allowfullscreen\"><span data-mce-type=\"bookmark\" style=\"display: inline-block; width: 0px; overflow: hidden; line-height: 0;\" class=\"mce_SELRES_start\">\ufeff<\/span><\/iframe>[\/vc_column_text][\/vc_tta_section][vc_tta_section title=&#8221;Sous-v\u00eatements&#8221; tab_id=&#8221;1697632919005-ced57fd7-f3ffb1ff-9433&#8243;][vc_column_text]<\/p>\n<h2>La culotte &amp; la petite culotte<\/h2>\n<p><iframe loading=\"lazy\" title=\"YouTube video player\" src=\"https:\/\/www.youtube.com\/embed\/SVEbinMOO0c?si=KLXP9oz8UuZu6qSD\" width=\"680\" height=\"383\" frameborder=\"0\" allowfullscreen=\"allowfullscreen\"><span data-mce-type=\"bookmark\" style=\"display: inline-block; width: 0px; overflow: hidden; line-height: 0;\" class=\"mce_SELRES_start\">\ufeff<\/span><\/iframe><\/p>\n<h2>Le cale\u00e7on<\/h2>\n<p><iframe loading=\"lazy\" title=\"YouTube video player\" src=\"https:\/\/www.youtube.com\/embed\/0lt3yTyedqI?si=1rSWekdD9RxrlKoc\" width=\"680\" height=\"383\" frameborder=\"0\" allowfullscreen=\"allowfullscreen\"><span data-mce-type=\"bookmark\" style=\"display: inline-block; width: 0px; overflow: hidden; line-height: 0;\" class=\"mce_SELRES_start\">\ufeff<\/span><\/iframe><\/p>\n<h2>Les chaussettes<\/h2>\n<div class=\"wp-video\" style=\"width: 680px;\">\n<p><iframe loading=\"lazy\" title=\"YouTube video player\" src=\"https:\/\/www.youtube.com\/embed\/pA4fzyyhyXA?si=V6_y4MBP3ozI3qCQ\" width=\"680\" height=\"383\" frameborder=\"0\" allowfullscreen=\"allowfullscreen\"><span data-mce-type=\"bookmark\" style=\"display: inline-block; width: 0px; overflow: hidden; line-height: 0;\" class=\"mce_SELRES_start\">\ufeff<\/span><\/iframe><\/p>\n<h2>Les collants<\/h2>\n<div class=\"wp-video\" style=\"width: 680px;\"><iframe loading=\"lazy\" title=\"YouTube video player\" src=\"https:\/\/www.youtube.com\/embed\/li4d4WJ6xPY?si=OZor0LvQpb3l8ALQ\" width=\"680\" height=\"383\" frameborder=\"0\" allowfullscreen=\"allowfullscreen\"><span data-mce-type=\"bookmark\" style=\"display: inline-block; width: 0px; overflow: hidden; line-height: 0;\" class=\"mce_SELRES_start\">\ufeff<\/span><span data-mce-type=\"bookmark\" style=\"display: inline-block; width: 0px; overflow: hidden; line-height: 0;\" class=\"mce_SELRES_start\">\ufeff<\/span><\/iframe><\/div>\n<div><\/div>\n<\/div>\n<p>[\/vc_column_text][\/vc_tta_section][vc_tta_section title=&#8221;Autres textiles&#8221; tab_id=&#8221;1697632976086-86601cb8-225db1ff-9433&#8243;][vc_column_text]<\/p>\n<h2>Le linge de cuisine<\/h2>\n<p><iframe loading=\"lazy\" title=\"YouTube video player\" src=\"https:\/\/www.youtube.com\/embed\/Cg2Eh9fgTbM?si=uD0ObF4G7oy-v1n2\" width=\"680\" height=\"383\" frameborder=\"0\" allowfullscreen=\"allowfullscreen\"><span data-mce-type=\"bookmark\" style=\"display: inline-block; width: 0px; overflow: hidden; line-height: 0;\" class=\"mce_SELRES_start\">\ufeff<\/span><\/iframe><\/p>\n<h2>Le mouchoir de poche<\/h2>\n<p><iframe loading=\"lazy\" title=\"YouTube video player\" src=\"https:\/\/www.youtube.com\/embed\/FV8tLFBnnXQ?si=f6ubPQOVDaatWOGo\" width=\"680\" height=\"383\" frameborder=\"0\" allowfullscreen=\"allowfullscreen\"><span data-mce-type=\"bookmark\" style=\"display: inline-block; width: 0px; overflow: hidden; line-height: 0;\" class=\"mce_SELRES_start\">\ufeff<\/span><\/iframe><\/p>\n<h2>Le sac en tissu<\/h2>\n<p><iframe loading=\"lazy\" title=\"YouTube video player\" src=\"https:\/\/www.youtube.com\/embed\/PCxyOVPjnzw?si=Mbf_1i_EgUMpetwl\" width=\"680\" height=\"383\" frameborder=\"0\" allowfullscreen=\"allowfullscreen\"><span data-mce-type=\"bookmark\" style=\"display: inline-block; width: 0px; overflow: hidden; line-height: 0;\" class=\"mce_SELRES_start\">\ufeff<\/span><\/iframe><\/p>\n<h2>Le tablier<\/h2>\n<p><iframe loading=\"lazy\" title=\"YouTube video player\" src=\"https:\/\/www.youtube.com\/embed\/78lOIMwDPDQ?si=wlc5F_TXGOGYTs7W\" width=\"680\" height=\"383\" frameborder=\"0\" allowfullscreen=\"allowfullscreen\"><span data-mce-type=\"bookmark\" style=\"display: inline-block; width: 0px; overflow: hidden; line-height: 0;\" class=\"mce_SELRES_start\">\ufeff<\/span><\/iframe><\/p>\n<h2>Le drap de lit<\/h2>\n<p><iframe loading=\"lazy\" title=\"YouTube video player\" src=\"https:\/\/www.youtube.com\/embed\/GZ8asKCCx6g?si=OsWHn8GTh_G8tTNn\" width=\"680\" height=\"383\" frameborder=\"0\" allowfullscreen=\"allowfullscreen\"><span data-mce-type=\"bookmark\" style=\"display: inline-block; width: 0px; overflow: hidden; line-height: 0;\" class=\"mce_SELRES_start\">\ufeff<\/span><\/iframe>[\/vc_column_text][\/vc_tta_section][\/vc_tta_tabs][\/vc_column][\/vc_row][vc_row][vc_column]<div class=\"ult-spacer spacer-69f26d5a9cd94\" data-id=\"69f26d5a9cd94\" data-height=\"100\" data-height-mobile=\"100\" data-height-tab=\"100\" data-height-tab-portrait=\"\" data-height-mobile-landscape=\"\" style=\"clear:both;display:block;\"><\/div>[\/vc_column][\/vc_row]<\/p>\n<\/div>","protected":false},"excerpt":{"rendered":"<p>[vc_row][vc_column][\/vc_column][\/vc_row][vc_row][vc_column][vc_tta_tabs shape=&#8221;square&#8221; color=&#8221;white&#8221; spacing=&#8221;30&#8243; gap=&#8221;10&#8243; active_section=&#8221;1&#8243;][vc_tta_section title=&#8221;Introduction&#8221; tab_id=&#8221;1697632273648-1384b13c-3512b1ff-9433&#8243;][vc_column_text] Bienvenue \u00e0 l\u2019 acad\u00e9mie du pliage de Clarity Si vous vous retrouvez ici c\u2019est que nous avons eu l\u2019honneur de vous accompagner dans votre Home Detox ou de vous rencontrer lors d\u2019un atelier. Merci pour votre confiance. Nous sommes ravies de vous retrouver. Dans la premi\u00e8re vid\u00e9o&hellip;<\/p>\n","protected":false},"author":8,"featured_media":0,"parent":708,"menu_order":41,"comment_status":"closed","ping_status":"closed","template":"","meta":{"footnotes":""},"class_list":["post-710","page","type-page","status-publish","hentry","description-off"],"yoast_head":"<!-- This site is optimized with the Yoast SEO plugin v27.5 - https:\/\/yoast.com\/product\/yoast-seo-wordpress\/ -->\n<title>Folding - Clarity<\/title>\n<meta name=\"description\" content=\"Explore our free how-to videos and master the secrets of the most effective folding techniques. Explore them now!\" \/>\n<meta name=\"robots\" content=\"index, follow, max-snippet:-1, max-image-preview:large, max-video-preview:-1\" \/>\n<link rel=\"canonical\" href=\"https:\/\/www.clarityhomedetox.ch\/en\/documentation\/folding\/\" \/>\n<meta property=\"og:locale\" content=\"en_US\" \/>\n<meta property=\"og:type\" content=\"article\" \/>\n<meta property=\"og:title\" content=\"Folding - Clarity\" \/>\n<meta property=\"og:description\" content=\"Explore our free how-to videos and master the secrets of the most effective folding techniques. Explore them now!\" \/>\n<meta property=\"og:url\" content=\"https:\/\/www.clarityhomedetox.ch\/en\/documentation\/folding\/\" \/>\n<meta property=\"og:site_name\" content=\"Clarity\" \/>\n<meta property=\"article:modified_time\" content=\"2023-11-10T10:28:31+00:00\" \/>\n<meta name=\"twitter:card\" content=\"summary_large_image\" \/>\n<meta name=\"twitter:label1\" content=\"Est. reading time\" \/>\n\t<meta name=\"twitter:data1\" content=\"3 minutes\" \/>\n<script type=\"application\/ld+json\" class=\"yoast-schema-graph\">{\"@context\":\"https:\\\/\\\/schema.org\",\"@graph\":[{\"@type\":\"WebPage\",\"@id\":\"https:\\\/\\\/www.clarityhomedetox.ch\\\/en\\\/documentation\\\/folding\\\/\",\"url\":\"https:\\\/\\\/www.clarityhomedetox.ch\\\/en\\\/documentation\\\/folding\\\/\",\"name\":\"Folding - Clarity\",\"isPartOf\":{\"@id\":\"https:\\\/\\\/www.clarityhomedetox.ch\\\/en\\\/#website\"},\"datePublished\":\"2023-10-18T12:48:33+00:00\",\"dateModified\":\"2023-11-10T10:28:31+00:00\",\"description\":\"Explore our free how-to videos and master the secrets of the most effective folding techniques. Explore them now!\",\"breadcrumb\":{\"@id\":\"https:\\\/\\\/www.clarityhomedetox.ch\\\/en\\\/documentation\\\/folding\\\/#breadcrumb\"},\"inLanguage\":\"en-US\",\"potentialAction\":[{\"@type\":\"ReadAction\",\"target\":[\"https:\\\/\\\/www.clarityhomedetox.ch\\\/en\\\/documentation\\\/folding\\\/\"]}]},{\"@type\":\"BreadcrumbList\",\"@id\":\"https:\\\/\\\/www.clarityhomedetox.ch\\\/en\\\/documentation\\\/folding\\\/#breadcrumb\",\"itemListElement\":[{\"@type\":\"ListItem\",\"position\":1,\"name\":\"Accueil\",\"item\":\"https:\\\/\\\/www.clarityhomedetox.ch\\\/en\\\/\"},{\"@type\":\"ListItem\",\"position\":2,\"name\":\"Documentation\",\"item\":\"https:\\\/\\\/www.clarityhomedetox.ch\\\/en\\\/ressources\\\/\"},{\"@type\":\"ListItem\",\"position\":3,\"name\":\"Folding\"}]},{\"@type\":\"WebSite\",\"@id\":\"https:\\\/\\\/www.clarityhomedetox.ch\\\/en\\\/#website\",\"url\":\"https:\\\/\\\/www.clarityhomedetox.ch\\\/en\\\/\",\"name\":\"Clarity\",\"description\":\"\",\"potentialAction\":[{\"@type\":\"SearchAction\",\"target\":{\"@type\":\"EntryPoint\",\"urlTemplate\":\"https:\\\/\\\/www.clarityhomedetox.ch\\\/en\\\/?s={search_term_string}\"},\"query-input\":{\"@type\":\"PropertyValueSpecification\",\"valueRequired\":true,\"valueName\":\"search_term_string\"}}],\"inLanguage\":\"en-US\"}]}<\/script>\n<!-- \/ Yoast SEO plugin. -->","yoast_head_json":{"title":"Folding - Clarity","description":"Explore our free how-to videos and master the secrets of the most effective folding techniques. Explore them now!","robots":{"index":"index","follow":"follow","max-snippet":"max-snippet:-1","max-image-preview":"max-image-preview:large","max-video-preview":"max-video-preview:-1"},"canonical":"https:\/\/www.clarityhomedetox.ch\/en\/documentation\/folding\/","og_locale":"en_US","og_type":"article","og_title":"Folding - Clarity","og_description":"Explore our free how-to videos and master the secrets of the most effective folding techniques. Explore them now!","og_url":"https:\/\/www.clarityhomedetox.ch\/en\/documentation\/folding\/","og_site_name":"Clarity","article_modified_time":"2023-11-10T10:28:31+00:00","twitter_card":"summary_large_image","twitter_misc":{"Est. reading time":"3 minutes"},"schema":{"@context":"https:\/\/schema.org","@graph":[{"@type":"WebPage","@id":"https:\/\/www.clarityhomedetox.ch\/en\/documentation\/folding\/","url":"https:\/\/www.clarityhomedetox.ch\/en\/documentation\/folding\/","name":"Folding - Clarity","isPartOf":{"@id":"https:\/\/www.clarityhomedetox.ch\/en\/#website"},"datePublished":"2023-10-18T12:48:33+00:00","dateModified":"2023-11-10T10:28:31+00:00","description":"Explore our free how-to videos and master the secrets of the most effective folding techniques. Explore them now!","breadcrumb":{"@id":"https:\/\/www.clarityhomedetox.ch\/en\/documentation\/folding\/#breadcrumb"},"inLanguage":"en-US","potentialAction":[{"@type":"ReadAction","target":["https:\/\/www.clarityhomedetox.ch\/en\/documentation\/folding\/"]}]},{"@type":"BreadcrumbList","@id":"https:\/\/www.clarityhomedetox.ch\/en\/documentation\/folding\/#breadcrumb","itemListElement":[{"@type":"ListItem","position":1,"name":"Accueil","item":"https:\/\/www.clarityhomedetox.ch\/en\/"},{"@type":"ListItem","position":2,"name":"Documentation","item":"https:\/\/www.clarityhomedetox.ch\/en\/ressources\/"},{"@type":"ListItem","position":3,"name":"Folding"}]},{"@type":"WebSite","@id":"https:\/\/www.clarityhomedetox.ch\/en\/#website","url":"https:\/\/www.clarityhomedetox.ch\/en\/","name":"Clarity","description":"","potentialAction":[{"@type":"SearchAction","target":{"@type":"EntryPoint","urlTemplate":"https:\/\/www.clarityhomedetox.ch\/en\/?s={search_term_string}"},"query-input":{"@type":"PropertyValueSpecification","valueRequired":true,"valueName":"search_term_string"}}],"inLanguage":"en-US"}]}},"_links":{"self":[{"href":"https:\/\/www.clarityhomedetox.ch\/en\/wp-json\/wp\/v2\/pages\/710","targetHints":{"allow":["GET"]}}],"collection":[{"href":"https:\/\/www.clarityhomedetox.ch\/en\/wp-json\/wp\/v2\/pages"}],"about":[{"href":"https:\/\/www.clarityhomedetox.ch\/en\/wp-json\/wp\/v2\/types\/page"}],"author":[{"embeddable":true,"href":"https:\/\/www.clarityhomedetox.ch\/en\/wp-json\/wp\/v2\/users\/8"}],"replies":[{"embeddable":true,"href":"https:\/\/www.clarityhomedetox.ch\/en\/wp-json\/wp\/v2\/comments?post=710"}],"version-history":[{"count":8,"href":"https:\/\/www.clarityhomedetox.ch\/en\/wp-json\/wp\/v2\/pages\/710\/revisions"}],"predecessor-version":[{"id":753,"href":"https:\/\/www.clarityhomedetox.ch\/en\/wp-json\/wp\/v2\/pages\/710\/revisions\/753"}],"up":[{"embeddable":true,"href":"https:\/\/www.clarityhomedetox.ch\/en\/wp-json\/wp\/v2\/pages\/708"}],"wp:attachment":[{"href":"https:\/\/www.clarityhomedetox.ch\/en\/wp-json\/wp\/v2\/media?parent=710"}],"curies":[{"name":"wp","href":"https:\/\/api.w.org\/{rel}","templated":true}]}}